{"id":1290,"date":"2025-01-29T10:40:10","date_gmt":"2025-01-29T09:40:10","guid":{"rendered":"https:\/?page_id=1290"},"modified":"2025-10-15T08:48:59","modified_gmt":"2025-10-15T07:48:59","slug":"psicologia-en-vilanova-y-la-geltru","status":"publish","type":"page","link":"https:\/\/naturaliavilanova.cat\/es\/psicologia-en-vilanova-y-la-geltru\/","title":{"rendered":"Psicolog\u00eda"},"content":{"rendered":"<div data-elementor-type=\"wp-post\" data-elementor-id=\"1290\" class=\"elementor elementor-1290\" data-elementor-post-type=\"page\">\n\t\t\t\t<div class=\"elementor-element elementor-element-238d58e e-flex e-con-boxed e-con e-parent\" data-id=\"238d58e\" data-element_type=\"container\" data-e-type=\"container\">\n\t\t\t\t\t<div class=\"e-con-inner\">\n\t\t<div class=\"elementor-element elementor-element-4aad8b6 e-con-full e-flex e-con e-child\" data-id=\"4aad8b6\" data-element_type=\"container\" data-e-type=\"container\">\n\t\t\t\t<div class=\"elementor-element elementor-element-09a782c elementor-widget elementor-widget-image\" data-id=\"09a782c\" data-element_type=\"widget\" data-e-type=\"widget\" data-widget_type=\"image.default\">\n\t\t\t\t<div class=\"elementor-widget-container\">\n\t\t\t\t\t\t\t\t\t\t\t\t\t\t\t<img decoding=\"async\" src=\"https:\/\/naturaliavilanova.cat\/wp-content\/uploads\/2025\/01\/favi-naturalia.png\" title=\"favi-naturalia\" alt=\"favi-naturalia\" loading=\"lazy\" \/>\t\t\t\t\t\t\t\t\t\t\t\t\t\t\t<\/div>\n\t\t\t\t<\/div>\n\t\t\t\t<div class=\"elementor-element elementor-element-b1d281e animated-fast elementor-invisible elementor-widget elementor-widget-heading\" data-id=\"b1d281e\" data-element_type=\"widget\" data-e-type=\"widget\" data-settings=\"{&quot;_animation&quot;:&quot;fadeIn&quot;}\" data-widget_type=\"heading.default\">\n\t\t\t\t<div class=\"elementor-widget-container\">\n\t\t\t\t\t<h3 class=\"elementor-heading-title elementor-size-default\">Tratamientos<\/h3>\t\t\t\t<\/div>\n\t\t\t\t<\/div>\n\t\t\t\t<div class=\"elementor-element elementor-element-70da4f9 animated-fast elementor-invisible elementor-widget elementor-widget-heading\" data-id=\"70da4f9\" data-element_type=\"widget\" data-e-type=\"widget\" data-settings=\"{&quot;_animation&quot;:&quot;fadeIn&quot;}\" data-widget_type=\"heading.default\">\n\t\t\t\t<div class=\"elementor-widget-container\">\n\t\t\t\t\t<h1 class=\"elementor-heading-title elementor-size-default\">Psicolog\u00eda en Vilanova i la Geltr\u00fa<\/h1>\t\t\t\t<\/div>\n\t\t\t\t<\/div>\n\t\t\t\t<div class=\"elementor-element elementor-element-6cc4655 elementor-invisible elementor-widget elementor-widget-text-editor\" data-id=\"6cc4655\" data-element_type=\"widget\" data-e-type=\"widget\" data-settings=\"{&quot;_animation&quot;:&quot;fadeIn&quot;}\" data-widget_type=\"text-editor.default\">\n\t\t\t\t<div class=\"elementor-widget-container\">\n\t\t\t\t\t\t\t\t\t<p>En <strong>Naturalia Vilanova<\/strong>, ofrecemos un enfoque integral de la p<strong>psicolog\u00eda en Vilanova i la Geltr\u00fa<\/strong>\u00a0para ayudarte a mejorar tu bienestar emocional, gestionar el estr\u00e9s y afrontar los desaf\u00edos del d\u00eda a d\u00eda. Nuestro equipo de profesionales especializados te acompa\u00f1ar\u00e1 con un trato cercano y personalizado, adapt\u00e1ndose a sus necesidades.<\/p>\t\t\t\t\t\t\t\t<\/div>\n\t\t\t\t<\/div>\n\t\t\t\t<\/div>\n\t\t\t\t\t<\/div>\n\t\t\t\t<\/div>\n\t\t<div class=\"elementor-element elementor-element-d91c336 e-flex e-con-boxed e-con e-parent\" data-id=\"d91c336\" data-element_type=\"container\" data-e-type=\"container\">\n\t\t\t\t\t<div class=\"e-con-inner\">\n\t\t\t\t<div class=\"elementor-element elementor-element-5506d27 e-n-tabs-none elementor-widget elementor-widget-n-tabs\" data-id=\"5506d27\" data-element_type=\"widget\" data-e-type=\"widget\" data-settings=\"{&quot;horizontal_scroll_mobile&quot;:&quot;disable&quot;,&quot;horizontal_scroll&quot;:&quot;disable&quot;}\" data-widget_type=\"nested-tabs.default\">\n\t\t\t\t<div class=\"elementor-widget-container\">\n\t\t\t\t\t\t\t<div class=\"e-n-tabs\" data-widget-number=\"89156903\" aria-label=\"Tabuladores. Abre elementos con Retorno o Espacio, cierra con Esc y navega con las teclas de flecha.\">\n\t\t\t<div class=\"e-n-tabs-heading\" role=\"tablist\">\n\t\t\t\t\t<button id=\"e-n-tab-title-891569031\" data-tab-title-id=\"e-n-tab-title-891569031\" class=\"e-n-tab-title\" aria-selected=\"true\" data-tab-index=\"1\" role=\"tab\" tabindex=\"0\" aria-controls=\"e-n-tab-content-891569031\" style=\"--n-tabs-title-order: 1;\">\n\t\t\t\t\t\t<span class=\"e-n-tab-title-text\">\n\t\t\t\tPSICOLOG\u00cdA para adultos y adolescentes \t\t\t<\/span>\n\t\t<\/button>\n\t\t\t\t<button id=\"e-n-tab-title-891569032\" data-tab-title-id=\"e-n-tab-title-891569032\" class=\"e-n-tab-title\" aria-selected=\"false\" data-tab-index=\"2\" role=\"tab\" tabindex=\"-1\" aria-controls=\"e-n-tab-content-891569032\" style=\"--n-tabs-title-order: 2;\">\n\t\t\t\t\t\t<span class=\"e-n-tab-title-text\">\n\t\t\t\tPSICOLOG\u00cdA espec\u00edficos de la maternidad\t\t\t<\/span>\n\t\t<\/button>\n\t\t\t\t<button id=\"e-n-tab-title-891569033\" data-tab-title-id=\"e-n-tab-title-891569033\" class=\"e-n-tab-title\" aria-selected=\"false\" data-tab-index=\"3\" role=\"tab\" tabindex=\"-1\" aria-controls=\"e-n-tab-content-891569033\" style=\"--n-tabs-title-order: 3;\">\n\t\t\t\t\t\t<span class=\"e-n-tab-title-text\">\n\t\t\t\tPSICOLOG\u00cdA en trastornos alimenticios\t\t\t<\/span>\n\t\t<\/button>\n\t\t\t\t\t<\/div>\n\t\t\t<div class=\"e-n-tabs-content\">\n\t\t\t\t<div id=\"e-n-tab-content-891569031\" role=\"tabpanel\" aria-labelledby=\"e-n-tab-title-891569031\" data-tab-index=\"1\" style=\"--n-tabs-title-order: 1;\" class=\"e-active elementor-element elementor-element-87fb6f2 e-con-full e-flex e-con e-child\" data-id=\"87fb6f2\" data-element_type=\"container\" data-e-type=\"container\">\n\t\t<div class=\"elementor-element elementor-element-bc6331d e-flex e-con-boxed e-con e-child\" data-id=\"bc6331d\" data-element_type=\"container\" data-e-type=\"container\">\n\t\t\t\t\t<div class=\"e-con-inner\">\n\t\t\t\t<div class=\"elementor-element elementor-element-d3c57f8 elementor-widget elementor-widget-heading\" data-id=\"d3c57f8\" data-element_type=\"widget\" data-e-type=\"widget\" data-widget_type=\"heading.default\">\n\t\t\t\t<div class=\"elementor-widget-container\">\n\t\t\t\t\t<h2 class=\"elementor-heading-title elementor-size-default\">PSICOLOG\u00cdA para adultos y adolescentes \n<\/h2>\t\t\t\t<\/div>\n\t\t\t\t<\/div>\n\t\t<div class=\"elementor-element elementor-element-8a24e5d e-con-full e-flex e-con e-child\" data-id=\"8a24e5d\" data-element_type=\"container\" data-e-type=\"container\">\n\t\t<div class=\"elementor-element elementor-element-0b51708 e-con-full e-flex e-con e-child\" data-id=\"0b51708\" data-element_type=\"container\" data-e-type=\"container\">\n\t\t\t\t<div class=\"elementor-element elementor-element-756998d elementor-widget elementor-widget-text-editor\" data-id=\"756998d\" data-element_type=\"widget\" data-e-type=\"widget\" data-widget_type=\"text-editor.default\">\n\t\t\t\t<div class=\"elementor-widget-container\">\n\t\t\t\t\t\t\t\t\t<p>En <strong>Naturalia Vilanova<\/strong>, ofrecemos un espacio seguro y de confianza para acompa\u00f1arte en tu bienestar emocional. Nuestra \u00e1rea de <strong>psicolog\u00eda para adultos y adolescentes<\/strong> est\u00e1 dise\u00f1ada para ayudarte a manejar emociones, afrontar situaciones complicadas y mejorar tu calidad de vida mediante herramientas terap\u00e9uticas personalizadas.<\/p><h3><strong>\u00bfPara qui\u00e9n es este servicio?<\/strong><\/h3><p>\u2714 <strong>Adultos<\/strong> que buscan soporte psicol\u00f3gico para afrontar ansiedad, estr\u00e9s, depresi\u00f3n, dificultades en las relaciones personales, duelo, cambios vitales o cualquier otra preocupaci\u00f3n emocional.<\/p><p>\u2714 <strong>Adolescentes<\/strong> que necesitan orientaci\u00f3n para gestionar sus emociones, mejorar su autoestima, superar dificultades acad\u00e9micas, problemas de ansiedad o conflictos familiares.<\/p><h3><strong>Beneficios de la psicoterapia:<\/strong><\/h3><ul><li>Mejora de la gesti\u00f3n emocional y reducci\u00f3n del estr\u00e9s.<\/li><li>Desarrollo de habilidades personales y autoestima.<\/li><li>Acompa\u00f1amiento en procesos de cambio o situaciones dif\u00edciles.<\/li><li>Soporte especializado para trastornos de ansiedad, depresi\u00f3n, miedos o inseguridades.<\/li><li>Mejora de las relaciones interpersonales y comunicaci\u00f3n.<\/li><\/ul><p>En <strong>Naturalia Vilanova<\/strong>, contamos con psic\u00f3logos especializados que te ayudar\u00e1n a encontrar herramientas y estrategias para gestionar tus emociones y vivir con mayor equilibrio y bienestar.<\/p><p><br \/><em style=\"text-align: center;\"><span style=\"font-weight: bold;\">CLARA PEY<\/span><\/em><span style=\"text-align: center;\">: Tel: 678628430<\/span><\/p>\t\t\t\t\t\t\t\t<\/div>\n\t\t\t\t<\/div>\n\t\t\t\t<\/div>\n\t\t<div class=\"elementor-element elementor-element-999c4d9 e-con-full e-flex e-con e-child\" data-id=\"999c4d9\" data-element_type=\"container\" data-e-type=\"container\">\n\t\t\t\t<div class=\"elementor-element elementor-element-aca9671 elementor-widget elementor-widget-image\" data-id=\"aca9671\" data-element_type=\"widget\" data-e-type=\"widget\" data-widget_type=\"image.default\">\n\t\t\t\t<div class=\"elementor-widget-container\">\n\t\t\t\t\t\t\t\t\t\t\t\t\t\t\t<img decoding=\"async\" src=\"https:\/\/naturaliavilanova.cat\/wp-content\/uploads\/2025\/02\/2151083366.jpg\" title=\"\" alt=\"\" loading=\"lazy\" \/>\t\t\t\t\t\t\t\t\t\t\t\t\t\t\t<\/div>\n\t\t\t\t<\/div>\n\t\t\t\t<\/div>\n\t\t\t\t<\/div>\n\t\t\t\t\t<\/div>\n\t\t\t\t<\/div>\n\t\t\t\t<\/div>\n\t\t<div id=\"e-n-tab-content-891569032\" role=\"tabpanel\" aria-labelledby=\"e-n-tab-title-891569032\" data-tab-index=\"2\" style=\"--n-tabs-title-order: 2;\" class=\"elementor-element elementor-element-e5fb5a6 e-con-full e-flex e-con e-child\" data-id=\"e5fb5a6\" data-element_type=\"container\" data-e-type=\"container\">\n\t\t<div class=\"elementor-element elementor-element-606c13c e-flex e-con-boxed e-con e-child\" data-id=\"606c13c\" data-element_type=\"container\" data-e-type=\"container\">\n\t\t\t\t\t<div class=\"e-con-inner\">\n\t\t\t\t<div class=\"elementor-element elementor-element-68bbd17 elementor-widget elementor-widget-heading\" data-id=\"68bbd17\" data-element_type=\"widget\" data-e-type=\"widget\" data-widget_type=\"heading.default\">\n\t\t\t\t<div class=\"elementor-widget-container\">\n\t\t\t\t\t<h2 class=\"elementor-heading-title elementor-size-default\">PSICOLOG\u00cdA espec\u00edficos de la maternidad<\/h2>\t\t\t\t<\/div>\n\t\t\t\t<\/div>\n\t\t<div class=\"elementor-element elementor-element-2572ba5 e-con-full e-flex e-con e-child\" data-id=\"2572ba5\" data-element_type=\"container\" data-e-type=\"container\">\n\t\t<div class=\"elementor-element elementor-element-97f3f3b e-con-full e-flex e-con e-child\" data-id=\"97f3f3b\" data-element_type=\"container\" data-e-type=\"container\">\n\t\t\t\t<div class=\"elementor-element elementor-element-f33ece8 elementor-widget elementor-widget-text-editor\" data-id=\"f33ece8\" data-element_type=\"widget\" data-e-type=\"widget\" data-widget_type=\"text-editor.default\">\n\t\t\t\t<div class=\"elementor-widget-container\">\n\t\t\t\t\t\t\t\t\t<p>La maternidad es una experiencia \u00fanica y transformadora, pero tambi\u00e9n puede acarrear cambios emocionales importantes. En <strong>Naturalia Vilanova<\/strong>, ofrecemos un servicio de <strong>psicolog\u00eda especializada en la maternidad<\/strong>, destinado a acompa\u00f1arte durante el embarazo, el postparto y la crianza, ayud\u00e1ndote a gestionar emociones, miedos y posibles dificultades en esta etapa vital.<\/p><h3><strong>\u00bfPara qui\u00e9n es este servicio?<\/strong><\/h3><p>\u2714 <strong>Mujeres embarazadas<\/strong> que quieren prepararse emocionalmente para el parto y la maternidad.<br \/>\u2714 <strong>Madres recientes<\/strong> que necesitan soporte para gestionar el postparto, el estr\u00e9s, los cambios hormonales y la adaptaci\u00f3n a la nueva realidad.<br \/>\u2714 <strong>Padres y madres<\/strong> que desean fortalecer el v\u00ednculo con sus hijos y mejorar la gesti\u00f3n emocional en la crianza.<\/p><h3><strong>Beneficios de la psicolog\u00eda perinatal:<\/strong><\/h3><ul><li><strong>Apoyo emocional durante el embarazo y el postparto.<\/strong><\/li><li><strong>Gesti\u00f3n de la ansiedad, estr\u00e9s y depresi\u00f3n postparto.<\/strong><\/li><li><strong>Acompa\u00f1amiento en procesos de fertilidad, p\u00e9rdidas gestacionales o partes traum\u00e1ticos.<\/strong><\/li><li><strong>Mejora de la confianza en el rol de mam\u00e1 o pap\u00e1.<\/strong><\/li><li><strong>Estrategias para gestionar la conciliaci\u00f3n y cambios en la pareja.<\/strong><\/li><\/ul><p>En <strong>Naturalia Vilanova<\/strong>, contamos con profesionales especializados en <strong>psicolog\u00eda perinatal<\/strong> para ofrecerte el acompa\u00f1amiento que necesitas en este viaje tan especial.<\/p><p data-start=\"1394\" data-end=\"1474\"><strong>SHEILA IZU<\/strong><\/p><div class=\"gmail_default\"><p>Psic\u00f3loga con m\u00e1s de 15 a\u00f1os de experiencia en varios dispositivos asistenciales de la red de salud mental con un enfoque integrador.\u00a0<\/p><\/div><ul><li>Especializada en Psicoterapia para Adultos y Adolescentes.<\/li><li>Terapia familiar y de pareja, sexualidad y relaciones sexoafectivas.<\/li><li>Trastornos alimenticios y Salud Mental Perinatal.\u00a0<\/li><li>Docente y supervisora cl\u00ednica en varios programas de formaci\u00f3n.<\/li><\/ul><p><strong>Acreditaciones<\/strong><br \/>Licenciada en Psicolog\u00eda, menci\u00f3n cl\u00ednica (Universidad de Salamanca)<br \/>Psic\u00f3loga general sanitaria acreditada por el Colegio Oficial de Psicolog\u00eda de Catalu\u00f1a (n\u00ba<br \/>colegiada 17801)<br \/>M\u00e1ster en Terapia Cognitivo-social (Universidad de Barcelona)<br \/>M\u00e1ster en Terapia Familiar sist\u00e9mica (Universidad Aut\u00f3noma de Barcelona)<br \/>Formaci\u00f3n en Salud Mental Perinatal (Instituto Europeo de Salud Mental Perinatal)<\/p><p><em><strong>M\u00e1s informaci\u00f3n :CLARA PEY<\/strong><\/em>: Tel: 678628430<\/p>\t\t\t\t\t\t\t\t<\/div>\n\t\t\t\t<\/div>\n\t\t\t\t<\/div>\n\t\t<div class=\"elementor-element elementor-element-ad7e6d9 e-con-full e-flex e-con e-child\" data-id=\"ad7e6d9\" data-element_type=\"container\" data-e-type=\"container\">\n\t\t\t\t<div class=\"elementor-element elementor-element-91633b9 elementor-widget elementor-widget-image\" data-id=\"91633b9\" data-element_type=\"widget\" data-e-type=\"widget\" data-widget_type=\"image.default\">\n\t\t\t\t<div class=\"elementor-widget-container\">\n\t\t\t\t\t\t\t\t\t\t\t\t\t\t\t<img fetchpriority=\"high\" decoding=\"async\" width=\"2560\" height=\"1707\" src=\"https:\/\/naturaliavilanova.cat\/wp-content\/uploads\/2025\/02\/7B5A2118-scaled.jpg\" class=\"attachment-full size-full wp-image-1526\" alt=\"\" srcset=\"https:\/\/naturaliavilanova.cat\/wp-content\/uploads\/2025\/02\/7B5A2118-scaled.jpg 2560w, https:\/\/naturaliavilanova.cat\/wp-content\/uploads\/2025\/02\/7B5A2118-300x200.jpg 300w, https:\/\/naturaliavilanova.cat\/wp-content\/uploads\/2025\/02\/7B5A2118-1024x683.jpg 1024w, https:\/\/naturaliavilanova.cat\/wp-content\/uploads\/2025\/02\/7B5A2118-768x512.jpg 768w, https:\/\/naturaliavilanova.cat\/wp-content\/uploads\/2025\/02\/7B5A2118-1536x1024.jpg 1536w, https:\/\/naturaliavilanova.cat\/wp-content\/uploads\/2025\/02\/7B5A2118-2048x1365.jpg 2048w, https:\/\/naturaliavilanova.cat\/wp-content\/uploads\/2025\/02\/7B5A2118-18x12.jpg 18w\" sizes=\"(max-width: 2560px) 100vw, 2560px\" \/>\t\t\t\t\t\t\t\t\t\t\t\t\t\t\t<\/div>\n\t\t\t\t<\/div>\n\t\t\t\t<\/div>\n\t\t\t\t<\/div>\n\t\t\t\t\t<\/div>\n\t\t\t\t<\/div>\n\t\t\t\t<\/div>\n\t\t<div id=\"e-n-tab-content-891569033\" role=\"tabpanel\" aria-labelledby=\"e-n-tab-title-891569033\" data-tab-index=\"3\" style=\"--n-tabs-title-order: 3;\" class=\"elementor-element elementor-element-6095707 e-con-full e-flex e-con e-child\" data-id=\"6095707\" data-element_type=\"container\" data-e-type=\"container\">\n\t\t<div class=\"elementor-element elementor-element-a045817 e-flex e-con-boxed e-con e-child\" data-id=\"a045817\" data-element_type=\"container\" data-e-type=\"container\">\n\t\t\t\t\t<div class=\"e-con-inner\">\n\t\t\t\t<div class=\"elementor-element elementor-element-5c5cd73 elementor-widget elementor-widget-heading\" data-id=\"5c5cd73\" data-element_type=\"widget\" data-e-type=\"widget\" data-widget_type=\"heading.default\">\n\t\t\t\t<div class=\"elementor-widget-container\">\n\t\t\t\t\t<h2 class=\"elementor-heading-title elementor-size-default\">PSICOLOG\u00cdA en trastornos alimenticios<\/h2>\t\t\t\t<\/div>\n\t\t\t\t<\/div>\n\t\t<div class=\"elementor-element elementor-element-c35d9e7 e-con-full e-flex e-con e-child\" data-id=\"c35d9e7\" data-element_type=\"container\" data-e-type=\"container\">\n\t\t<div class=\"elementor-element elementor-element-d731789 e-con-full e-flex e-con e-child\" data-id=\"d731789\" data-element_type=\"container\" data-e-type=\"container\">\n\t\t\t\t<div class=\"elementor-element elementor-element-669470e elementor-widget elementor-widget-text-editor\" data-id=\"669470e\" data-element_type=\"widget\" data-e-type=\"widget\" data-widget_type=\"text-editor.default\">\n\t\t\t\t<div class=\"elementor-widget-container\">\n\t\t\t\t\t\t\t\t\t<p class=\"\" data-start=\"299\" data-end=\"668\">En Natur\u00e0lia Vilanova, entendemos los <strong>trastornos de la conducta alimentaria (TCA)<\/strong> como una expresi\u00f3n profunda de malestar emocional que va m\u00e1s all\u00e1 de la comida. La anorexia, la bulimia, el trastorno por atracones u otras conductas relacionadas con la alimentaci\u00f3n suelen estar vinculadas a la autoestima, la gesti\u00f3n emocional, la percepci\u00f3n corporal y las dificultades relacionales.<\/p><p class=\"\" data-start=\"670\" data-end=\"1101\">Desde nuestro servicio de psicolog\u00eda, ofrecemos un espacio seguro, confidencial y respetuoso en el que la persona puede explorar las causas profundas de su malestar e iniciar un proceso de reconocimiento, aceptaci\u00f3n y transformaci\u00f3n. Nuestro enfoque es integrativo y adaptado a cada persona, combinando la psicoterapia con otras herramientas de soporte emocional y natural, como la terapia Gestalt o las Flores de Bach, seg\u00fan las necesidades de cada caso.<\/p><p class=\"\" data-start=\"1103\" data-end=\"1392\"><strong>Trabajamos con adolescentes y adultos que conviven con un TCA<\/strong>, as\u00ed como con familias que necesitan orientaci\u00f3n para acompa\u00f1ar adecuadamente a sus seres queridos. El objetivo es recuperar una relaci\u00f3n sana con la comida, con el cuerpo y con uno mismo, desde el respeto, la conciencia y el cuidado.<\/p><p class=\"\" data-start=\"1394\" data-end=\"1474\"><em><strong>Si quieres m\u00e1s informaci\u00f3n o concertar una primera visita, estamos aqu\u00ed para ayudarle.<\/strong><\/em><\/p><p data-start=\"1394\" data-end=\"1474\">\u00a0<\/p><p data-start=\"1394\" data-end=\"1474\"><strong>SHEILA IZU<\/strong><\/p><div class=\"gmail_default\"><p>Psic\u00f3loga con m\u00e1s de 15 a\u00f1os de experiencia en varios dispositivos asistenciales de la red de salud mental con un enfoque integrador.\u00a0<\/p><\/div><ul><li>Especializada en Psicoterapia para Adultos y Adolescentes.<\/li><li>Terapia familiar y de pareja, sexualidad y relaciones sexoafectivas.<\/li><li>Trastornos alimenticios y Salud Mental Perinatal.\u00a0<\/li><li>Docente y supervisora cl\u00ednica en varios programas de formaci\u00f3n.<\/li><\/ul><p><strong>Acreditaciones<\/strong><br \/>Licenciada en Psicolog\u00eda, menci\u00f3n cl\u00ednica (Universidad de Salamanca)<br \/>Psic\u00f3loga general sanitaria acreditada por el Colegio Oficial de Psicolog\u00eda de Catalu\u00f1a (n\u00ba<br \/>colegiada 17801)<br \/>M\u00e1ster en Terapia Cognitivo-social (Universidad de Barcelona)<br \/>M\u00e1ster en Terapia Familiar sist\u00e9mica (Universidad Aut\u00f3noma de Barcelona)<br \/>Formaci\u00f3n en Salud Mental Perinatal (Instituto Europeo de Salud Mental Perinatal)<\/p>\t\t\t\t\t\t\t\t<\/div>\n\t\t\t\t<\/div>\n\t\t\t\t<\/div>\n\t\t<div class=\"elementor-element elementor-element-04a7136 e-con-full e-flex e-con e-child\" data-id=\"04a7136\" data-element_type=\"container\" data-e-type=\"container\">\n\t\t\t\t<div class=\"elementor-element elementor-element-1f92caf elementor-widget elementor-widget-image\" data-id=\"1f92caf\" data-element_type=\"widget\" data-e-type=\"widget\" data-widget_type=\"image.default\">\n\t\t\t\t<div class=\"elementor-widget-container\">\n\t\t\t\t\t\t\t\t\t\t\t\t\t\t\t<img decoding=\"async\" width=\"1000\" height=\"668\" src=\"https:\/\/naturaliavilanova.cat\/wp-content\/uploads\/2025\/04\/trastorno-alimenticio.jpg\" class=\"attachment-full size-full wp-image-2252\" alt=\"\" srcset=\"https:\/\/naturaliavilanova.cat\/wp-content\/uploads\/2025\/04\/trastorno-alimenticio.jpg 1000w, https:\/\/naturaliavilanova.cat\/wp-content\/uploads\/2025\/04\/trastorno-alimenticio-300x200.jpg 300w, https:\/\/naturaliavilanova.cat\/wp-content\/uploads\/2025\/04\/trastorno-alimenticio-768x513.jpg 768w, https:\/\/naturaliavilanova.cat\/wp-content\/uploads\/2025\/04\/trastorno-alimenticio-18x12.jpg 18w\" sizes=\"(max-width: 1000px) 100vw, 1000px\" \/>\t\t\t\t\t\t\t\t\t\t\t\t\t\t\t<\/div>\n\t\t\t\t<\/div>\n\t\t\t\t<\/div>\n\t\t\t\t<\/div>\n\t\t\t\t\t<\/div>\n\t\t\t\t<\/div>\n\t\t\t\t<\/div>\n\t\t\t\t\t<\/div>\n\t\t<\/div>\n\t\t\t\t\t\t<\/div>\n\t\t\t\t<\/div>\n\t\t\t\t\t<\/div>\n\t\t\t\t<\/div>\n\t\t\t\t<\/div>","protected":false},"excerpt":{"rendered":"<p>Tractaments Psicologia a Vilanova i la Geltr\u00fa A Naturalia Vilanova, oferim un enfocament integral de la psicologia a Vilanova i la Geltr\u00fa\u00a0per ajudar-te a millorar el teu benestar emocional, gestionar l&#8217;estr\u00e8s i afrontar els desafiaments del dia a dia. El nostre equip de professionals especialitzats t&#8217;acompanyar\u00e0 amb un tracte proper i personalitzat, adaptant-se a les [&hellip;]<\/p>\n","protected":false},"author":1,"featured_media":0,"parent":0,"menu_order":0,"comment_status":"closed","ping_status":"closed","template":"","meta":{"site-sidebar-layout":"no-sidebar","site-content-layout":"page-builder","ast-site-content-layout":"full-width-container","site-content-style":"unboxed","site-sidebar-style":"unboxed","ast-global-header-display":"","ast-banner-title-visibility":"","ast-main-header-display":"","ast-hfb-above-header-display":"","ast-hfb-below-header-display":"","ast-hfb-mobile-header-display":"","site-post-title":"disabled","ast-breadcrumbs-content":"","ast-featured-img":"disabled","footer-sml-layout":"","ast-disable-related-posts":"","theme-transparent-header-meta":"","adv-header-id-meta":"","stick-header-meta":"","header-above-stick-meta":"","header-main-stick-meta":"","header-below-stick-meta":"","astra-migrate-meta-layouts":"set","ast-page-background-enabled":"default","ast-page-background-meta":{"desktop":{"background-color":"","background-image":"","background-repeat":"repeat","background-position":"center center","background-size":"auto","background-attachment":"scroll","background-type":"","background-media":"","overlay-type":"","overlay-color":"","overlay-opacity":"","overlay-gradient":""},"tablet":{"background-color":"","background-image":"","background-repeat":"repeat","background-position":"center center","background-size":"auto","background-attachment":"scroll","background-type":"","background-media":"","overlay-type":"","overlay-color":"","overlay-opacity":"","overlay-gradient":""},"mobile":{"background-color":"","background-image":"","background-repeat":"repeat","background-position":"center center","background-size":"auto","background-attachment":"scroll","background-type":"","background-media":"","overlay-type":"","overlay-color":"","overlay-opacity":"","overlay-gradient":""}},"ast-content-background-meta":{"desktop":{"background-color":"var(--ast-global-color-5)","background-image":"","background-repeat":"repeat","background-position":"center center","background-size":"auto","background-attachment":"scroll","background-type":"","background-media":"","overlay-type":"","overlay-color":"","overlay-opacity":"","overlay-gradient":""},"tablet":{"background-color":"var(--ast-global-color-5)","background-image":"","background-repeat":"repeat","background-position":"center center","background-size":"auto","background-attachment":"scroll","background-type":"","background-media":"","overlay-type":"","overlay-color":"","overlay-opacity":"","overlay-gradient":""},"mobile":{"background-color":"var(--ast-global-color-5)","background-image":"","background-repeat":"repeat","background-position":"center center","background-size":"auto","background-attachment":"scroll","background-type":"","background-media":"","overlay-type":"","overlay-color":"","overlay-opacity":"","overlay-gradient":""}},"footnotes":""},"class_list":["post-1290","page","type-page","status-publish","hentry"],"_links":{"self":[{"href":"https:\/\/naturaliavilanova.cat\/es\/wp-json\/wp\/v2\/pages\/1290","targetHints":{"allow":["GET"]}}],"collection":[{"href":"https:\/\/naturaliavilanova.cat\/es\/wp-json\/wp\/v2\/pages"}],"about":[{"href":"https:\/\/naturaliavilanova.cat\/es\/wp-json\/wp\/v2\/types\/page"}],"author":[{"embeddable":true,"href":"https:\/\/naturaliavilanova.cat\/es\/wp-json\/wp\/v2\/users\/1"}],"replies":[{"embeddable":true,"href":"https:\/\/naturaliavilanova.cat\/es\/wp-json\/wp\/v2\/comments?post=1290"}],"version-history":[{"count":43,"href":"https:\/\/naturaliavilanova.cat\/es\/wp-json\/wp\/v2\/pages\/1290\/revisions"}],"predecessor-version":[{"id":2469,"href":"https:\/\/naturaliavilanova.cat\/es\/wp-json\/wp\/v2\/pages\/1290\/revisions\/2469"}],"wp:attachment":[{"href":"https:\/\/naturaliavilanova.cat\/es\/wp-json\/wp\/v2\/media?parent=1290"}],"curies":[{"name":"wp","href":"https:\/\/api.w.org\/{rel}","templated":true}]}}