{"id":1318,"date":"2025-01-29T11:03:42","date_gmt":"2025-01-29T10:03:42","guid":{"rendered":"https:\/?page_id=1318"},"modified":"2025-10-15T08:51:58","modified_gmt":"2025-10-15T07:51:58","slug":"talleres-en-vilanova-y-la-geltru","status":"publish","type":"page","link":"https:\/\/naturaliavilanova.cat\/es\/talleres-en-vilanova-y-la-geltru\/","title":{"rendered":"Talleres"},"content":{"rendered":"<div data-elementor-type=\"wp-post\" data-elementor-id=\"1318\" class=\"elementor elementor-1318\" data-elementor-post-type=\"page\">\n\t\t\t\t<div class=\"elementor-element elementor-element-238d58e e-flex e-con-boxed e-con e-parent\" data-id=\"238d58e\" data-element_type=\"container\" data-e-type=\"container\">\n\t\t\t\t\t<div class=\"e-con-inner\">\n\t\t<div class=\"elementor-element elementor-element-4aad8b6 e-con-full e-flex e-con e-child\" data-id=\"4aad8b6\" data-element_type=\"container\" data-e-type=\"container\">\n\t\t\t\t<div class=\"elementor-element elementor-element-09a782c elementor-widget elementor-widget-image\" data-id=\"09a782c\" data-element_type=\"widget\" data-e-type=\"widget\" data-widget_type=\"image.default\">\n\t\t\t\t<div class=\"elementor-widget-container\">\n\t\t\t\t\t\t\t\t\t\t\t\t\t\t\t<img decoding=\"async\" src=\"https:\/\/naturaliavilanova.cat\/wp-content\/uploads\/2025\/01\/favi-naturalia.png\" title=\"favi-naturalia\" alt=\"favi-naturalia\" loading=\"lazy\" \/>\t\t\t\t\t\t\t\t\t\t\t\t\t\t\t<\/div>\n\t\t\t\t<\/div>\n\t\t\t\t<div class=\"elementor-element elementor-element-b1d281e animated-fast elementor-invisible elementor-widget elementor-widget-heading\" data-id=\"b1d281e\" data-element_type=\"widget\" data-e-type=\"widget\" data-settings=\"{&quot;_animation&quot;:&quot;fadeIn&quot;}\" data-widget_type=\"heading.default\">\n\t\t\t\t<div class=\"elementor-widget-container\">\n\t\t\t\t\t<h3 class=\"elementor-heading-title elementor-size-default\">Actividades<\/h3>\t\t\t\t<\/div>\n\t\t\t\t<\/div>\n\t\t\t\t<div class=\"elementor-element elementor-element-70da4f9 animated-fast elementor-invisible elementor-widget elementor-widget-heading\" data-id=\"70da4f9\" data-element_type=\"widget\" data-e-type=\"widget\" data-settings=\"{&quot;_animation&quot;:&quot;fadeIn&quot;}\" data-widget_type=\"heading.default\">\n\t\t\t\t<div class=\"elementor-widget-container\">\n\t\t\t\t\t<h1 class=\"elementor-heading-title elementor-size-default\">Talleres en Vilanova i la Geltr\u00fa<\/h1>\t\t\t\t<\/div>\n\t\t\t\t<\/div>\n\t\t\t\t<div class=\"elementor-element elementor-element-6cc4655 elementor-invisible elementor-widget elementor-widget-text-editor\" data-id=\"6cc4655\" data-element_type=\"widget\" data-e-type=\"widget\" data-settings=\"{&quot;_animation&quot;:&quot;fadeIn&quot;}\" data-widget_type=\"text-editor.default\">\n\t\t\t\t<div class=\"elementor-widget-container\">\n\t\t\t\t\t\t\t\t\t<div class=\"flex-shrink-0 flex flex-col relative items-end\"><div><div class=\"pt-0\"><div class=\"gizmo-bot-avatar flex h-8 w-8 items-center justify-center overflow-hidden rounded-full\"><div class=\"relative p-1 rounded-sm flex items-center justify-center bg-token-main-surface-primary text-token-text-primary h-8 w-8\"><span style=\"font-size: 16px;\">En <\/span><strong style=\"font-size: 16px;\">Naturalia Vilanova<\/strong><span style=\"font-size: 16px;\">, ofrecemos <\/span><strong style=\"font-size: 16px;\">talleres familiares en Vilanova i la Geltr\u00fa<\/strong><span style=\"font-size: 16px;\"> dise\u00f1ados para fomentar la conexi\u00f3n y bienestar de toda la familia. Desde <\/span><strong style=\"font-size: 16px;\">yoga en familia<\/strong><span style=\"font-size: 16px;\"> hasta <\/span><strong style=\"font-size: 16px;\">talleres de m\u00fasica en familia<\/strong><span style=\"font-size: 16px;\">Nuestras actividades te ayudan a compartir momentos especiales, favorecer el v\u00ednculo emocional y disfrutar de una experiencia de crecimiento conjunto. Nuestro equipo de profesionales especializados crea un ambiente acogedor y personalizado para cada miembro de su familia.<\/span><\/div><\/div><\/div><\/div><\/div>\t\t\t\t\t\t\t\t<\/div>\n\t\t\t\t<\/div>\n\t\t\t\t<\/div>\n\t\t\t\t\t<\/div>\n\t\t\t\t<\/div>\n\t\t<div class=\"elementor-element elementor-element-d91c336 e-flex e-con-boxed e-con e-parent\" data-id=\"d91c336\" data-element_type=\"container\" data-e-type=\"container\">\n\t\t\t\t\t<div class=\"e-con-inner\">\n\t\t\t\t<div class=\"elementor-element elementor-element-5506d27 e-n-tabs-none elementor-widget elementor-widget-n-tabs\" data-id=\"5506d27\" data-element_type=\"widget\" data-e-type=\"widget\" data-settings=\"{&quot;horizontal_scroll_mobile&quot;:&quot;disable&quot;,&quot;horizontal_scroll&quot;:&quot;disable&quot;}\" data-widget_type=\"nested-tabs.default\">\n\t\t\t\t<div class=\"elementor-widget-container\">\n\t\t\t\t\t\t\t<div class=\"e-n-tabs\" data-widget-number=\"89156903\" aria-label=\"Pesta\u00f1as. Abre elementos con Intro o Espacio, ci\u00e9rralos con Escape y navega con las fechas.\" data-no-translation-aria-label=\"\">\n\t\t\t<div class=\"e-n-tabs-heading\" role=\"tablist\">\n\t\t\t\t\t<button id=\"e-n-tab-title-891569031\" data-tab-title-id=\"e-n-tab-title-891569031\" class=\"e-n-tab-title\" aria-selected=\"true\" data-tab-index=\"1\" role=\"tab\" tabindex=\"0\" aria-controls=\"e-n-tab-content-891569031\" style=\"--n-tabs-title-order: 1;\">\n\t\t\t\t\t\t<span class=\"e-n-tab-title-text\">\n\t\t\t\tM\u00fasica en familia\t\t\t<\/span>\n\t\t<\/button>\n\t\t\t\t<button id=\"e-n-tab-title-891569032\" data-tab-title-id=\"e-n-tab-title-891569032\" class=\"e-n-tab-title\" aria-selected=\"false\" data-tab-index=\"2\" role=\"tab\" tabindex=\"-1\" aria-controls=\"e-n-tab-content-891569032\" style=\"--n-tabs-title-order: 2;\">\n\t\t\t\t\t\t<span class=\"e-n-tab-title-text\">\n\t\t\t\tYoga en familia\t\t\t<\/span>\n\t\t<\/button>\n\t\t\t\t\t<\/div>\n\t\t\t<div class=\"e-n-tabs-content\">\n\t\t\t\t<div id=\"e-n-tab-content-891569031\" role=\"tabpanel\" aria-labelledby=\"e-n-tab-title-891569031\" data-tab-index=\"1\" style=\"--n-tabs-title-order: 1;\" class=\"e-active elementor-element elementor-element-e5fb5a6 e-con-full e-flex e-con e-child\" data-id=\"e5fb5a6\" data-element_type=\"container\" data-e-type=\"container\">\n\t\t<div class=\"elementor-element elementor-element-e8b8376 e-flex e-con-boxed e-con e-child\" data-id=\"e8b8376\" data-element_type=\"container\" data-e-type=\"container\">\n\t\t\t\t\t<div class=\"e-con-inner\">\n\t\t\t\t<div class=\"elementor-element elementor-element-7df2f96 elementor-widget elementor-widget-heading\" data-id=\"7df2f96\" data-element_type=\"widget\" data-e-type=\"widget\" data-widget_type=\"heading.default\">\n\t\t\t\t<div class=\"elementor-widget-container\">\n\t\t\t\t\t<h2 class=\"elementor-heading-title elementor-size-default\">M\u00fasica en familia<\/h2>\t\t\t\t<\/div>\n\t\t\t\t<\/div>\n\t\t<div class=\"elementor-element elementor-element-37bd6d4 e-con-full e-flex e-con e-child\" data-id=\"37bd6d4\" data-element_type=\"container\" data-e-type=\"container\">\n\t\t<div class=\"elementor-element elementor-element-fee9f96 e-con-full e-flex e-con e-child\" data-id=\"fee9f96\" data-element_type=\"container\" data-e-type=\"container\">\n\t\t\t\t<\/div>\n\t\t<div class=\"elementor-element elementor-element-714a42d e-con-full e-flex e-con e-child\" data-id=\"714a42d\" data-element_type=\"container\" data-e-type=\"container\">\n\t\t\t\t<\/div>\n\t\t\t\t<\/div>\n\t\t\t\t\t<\/div>\n\t\t\t\t<\/div>\n\t\t<div class=\"elementor-element elementor-element-4c368ed e-con-full e-flex e-con e-child\" data-id=\"4c368ed\" data-element_type=\"container\" data-e-type=\"container\">\n\t\t<div class=\"elementor-element elementor-element-6b9af48 e-con-full e-flex e-con e-child\" data-id=\"6b9af48\" data-element_type=\"container\" data-e-type=\"container\">\n\t\t\t\t<div class=\"elementor-element elementor-element-2330d58 elementor-widget elementor-widget-image\" data-id=\"2330d58\" data-element_type=\"widget\" data-e-type=\"widget\" data-widget_type=\"image.default\">\n\t\t\t\t<div class=\"elementor-widget-container\">\n\t\t\t\t\t\t\t\t\t\t\t\t\t\t\t<img fetchpriority=\"high\" decoding=\"async\" width=\"768\" height=\"1024\" src=\"https:\/\/naturaliavilanova.cat\/wp-content\/uploads\/2025\/02\/IMG_4917-768x1024.jpg\" class=\"attachment-large size-large wp-image-2025\" alt=\"\" srcset=\"https:\/\/naturaliavilanova.cat\/wp-content\/uploads\/2025\/02\/IMG_4917-768x1024.jpg 768w, https:\/\/naturaliavilanova.cat\/wp-content\/uploads\/2025\/02\/IMG_4917-225x300.jpg 225w, https:\/\/naturaliavilanova.cat\/wp-content\/uploads\/2025\/02\/IMG_4917-1152x1536.jpg 1152w, https:\/\/naturaliavilanova.cat\/wp-content\/uploads\/2025\/02\/IMG_4917-1536x2048.jpg 1536w, https:\/\/naturaliavilanova.cat\/wp-content\/uploads\/2025\/02\/IMG_4917-9x12.jpg 9w, https:\/\/naturaliavilanova.cat\/wp-content\/uploads\/2025\/02\/IMG_4917-scaled.jpg 1920w\" sizes=\"(max-width: 768px) 100vw, 768px\" \/>\t\t\t\t\t\t\t\t\t\t\t\t\t\t\t<\/div>\n\t\t\t\t<\/div>\n\t\t\t\t<\/div>\n\t\t<div class=\"elementor-element elementor-element-122eda6 e-con-full e-flex e-con e-child\" data-id=\"122eda6\" data-element_type=\"container\" data-e-type=\"container\">\n\t\t\t\t<div class=\"elementor-element elementor-element-e46da17 elementor-widget elementor-widget-image\" data-id=\"e46da17\" data-element_type=\"widget\" data-e-type=\"widget\" data-widget_type=\"image.default\">\n\t\t\t\t<div class=\"elementor-widget-container\">\n\t\t\t\t\t\t\t\t\t\t\t\t\t\t\t<img decoding=\"async\" width=\"1920\" height=\"2560\" src=\"https:\/\/naturaliavilanova.cat\/wp-content\/uploads\/2025\/02\/281201-scaled.jpg\" class=\"attachment-full size-full wp-image-2024\" alt=\"\" srcset=\"https:\/\/naturaliavilanova.cat\/wp-content\/uploads\/2025\/02\/281201-scaled.jpg 1920w, https:\/\/naturaliavilanova.cat\/wp-content\/uploads\/2025\/02\/281201-225x300.jpg 225w, https:\/\/naturaliavilanova.cat\/wp-content\/uploads\/2025\/02\/281201-768x1024.jpg 768w, https:\/\/naturaliavilanova.cat\/wp-content\/uploads\/2025\/02\/281201-1152x1536.jpg 1152w, https:\/\/naturaliavilanova.cat\/wp-content\/uploads\/2025\/02\/281201-1536x2048.jpg 1536w, https:\/\/naturaliavilanova.cat\/wp-content\/uploads\/2025\/02\/281201-9x12.jpg 9w\" sizes=\"(max-width: 1920px) 100vw, 1920px\" \/>\t\t\t\t\t\t\t\t\t\t\t\t\t\t\t<\/div>\n\t\t\t\t<\/div>\n\t\t\t\t<\/div>\n\t\t\t\t<\/div>\n\t\t\t\t<\/div>\n\t\t<div id=\"e-n-tab-content-891569032\" role=\"tabpanel\" aria-labelledby=\"e-n-tab-title-891569032\" data-tab-index=\"2\" style=\"--n-tabs-title-order: 2;\" class=\"elementor-element elementor-element-cf098f5 e-con-full e-flex e-con e-child\" data-id=\"cf098f5\" data-element_type=\"container\" data-e-type=\"container\">\n\t\t<div class=\"elementor-element elementor-element-4a22477 e-flex e-con-boxed e-con e-child\" data-id=\"4a22477\" data-element_type=\"container\" data-e-type=\"container\">\n\t\t\t\t\t<div class=\"e-con-inner\">\n\t\t\t\t<div class=\"elementor-element elementor-element-56f0ef1 elementor-widget elementor-widget-heading\" data-id=\"56f0ef1\" data-element_type=\"widget\" data-e-type=\"widget\" data-widget_type=\"heading.default\">\n\t\t\t\t<div class=\"elementor-widget-container\">\n\t\t\t\t\t<h2 class=\"elementor-heading-title elementor-size-default\">Yoga en familia<\/h2>\t\t\t\t<\/div>\n\t\t\t\t<\/div>\n\t\t<div class=\"elementor-element elementor-element-91f8251 e-con-full e-flex e-con e-child\" data-id=\"91f8251\" data-element_type=\"container\" data-e-type=\"container\">\n\t\t<div class=\"elementor-element elementor-element-38fe4df e-con-full e-flex e-con e-child\" data-id=\"38fe4df\" data-element_type=\"container\" data-e-type=\"container\">\n\t\t\t\t<div class=\"elementor-element elementor-element-53c3386 elementor-widget elementor-widget-image\" data-id=\"53c3386\" data-element_type=\"widget\" data-e-type=\"widget\" data-widget_type=\"image.default\">\n\t\t\t\t<div class=\"elementor-widget-container\">\n\t\t\t\t\t\t\t\t\t\t\t\t\t\t\t<img decoding=\"async\" width=\"1080\" height=\"1350\" src=\"https:\/\/naturaliavilanova.cat\/wp-content\/uploads\/2025\/02\/29.png\" class=\"attachment-full size-full wp-image-1995\" alt=\"\" srcset=\"https:\/\/naturaliavilanova.cat\/wp-content\/uploads\/2025\/02\/29.png 1080w, https:\/\/naturaliavilanova.cat\/wp-content\/uploads\/2025\/02\/29-240x300.png 240w, https:\/\/naturaliavilanova.cat\/wp-content\/uploads\/2025\/02\/29-819x1024.png 819w, https:\/\/naturaliavilanova.cat\/wp-content\/uploads\/2025\/02\/29-768x960.png 768w, https:\/\/naturaliavilanova.cat\/wp-content\/uploads\/2025\/02\/29-10x12.png 10w\" sizes=\"(max-width: 1080px) 100vw, 1080px\" \/>\t\t\t\t\t\t\t\t\t\t\t\t\t\t\t<\/div>\n\t\t\t\t<\/div>\n\t\t\t\t<\/div>\n\t\t<div class=\"elementor-element elementor-element-99879cb e-con-full e-flex e-con e-child\" data-id=\"99879cb\" data-element_type=\"container\" data-e-type=\"container\">\n\t\t\t\t<div class=\"elementor-element elementor-element-df6adf9 elementor-widget elementor-widget-image\" data-id=\"df6adf9\" data-element_type=\"widget\" data-e-type=\"widget\" data-widget_type=\"image.default\">\n\t\t\t\t<div class=\"elementor-widget-container\">\n\t\t\t\t\t\t\t\t\t\t\t\t\t\t\t<img loading=\"lazy\" decoding=\"async\" width=\"1024\" height=\"768\" src=\"https:\/\/naturaliavilanova.cat\/wp-content\/uploads\/2025\/02\/IMG_5895-1024x768.jpg\" class=\"attachment-large size-large wp-image-1997\" alt=\"\" srcset=\"https:\/\/naturaliavilanova.cat\/wp-content\/uploads\/2025\/02\/IMG_5895-1024x768.jpg 1024w, https:\/\/naturaliavilanova.cat\/wp-content\/uploads\/2025\/02\/IMG_5895-300x225.jpg 300w, https:\/\/naturaliavilanova.cat\/wp-content\/uploads\/2025\/02\/IMG_5895-768x576.jpg 768w, https:\/\/naturaliavilanova.cat\/wp-content\/uploads\/2025\/02\/IMG_5895-1536x1153.jpg 1536w, https:\/\/naturaliavilanova.cat\/wp-content\/uploads\/2025\/02\/IMG_5895-2048x1537.jpg 2048w, https:\/\/naturaliavilanova.cat\/wp-content\/uploads\/2025\/02\/IMG_5895-16x12.jpg 16w\" sizes=\"(max-width: 1024px) 100vw, 1024px\" \/>\t\t\t\t\t\t\t\t\t\t\t\t\t\t\t<\/div>\n\t\t\t\t<\/div>\n\t\t\t\t<div class=\"elementor-element elementor-element-f9f5aac elementor-widget elementor-widget-image\" data-id=\"f9f5aac\" data-element_type=\"widget\" data-e-type=\"widget\" data-widget_type=\"image.default\">\n\t\t\t\t<div class=\"elementor-widget-container\">\n\t\t\t\t\t\t\t\t\t\t\t\t\t\t\t<img loading=\"lazy\" decoding=\"async\" width=\"1024\" height=\"768\" src=\"https:\/\/naturaliavilanova.cat\/wp-content\/uploads\/2025\/02\/IMG_5871-1024x768.jpg\" class=\"attachment-large size-large wp-image-1998\" alt=\"\" srcset=\"https:\/\/naturaliavilanova.cat\/wp-content\/uploads\/2025\/02\/IMG_5871-1024x768.jpg 1024w, https:\/\/naturaliavilanova.cat\/wp-content\/uploads\/2025\/02\/IMG_5871-300x225.jpg 300w, https:\/\/naturaliavilanova.cat\/wp-content\/uploads\/2025\/02\/IMG_5871-768x576.jpg 768w, https:\/\/naturaliavilanova.cat\/wp-content\/uploads\/2025\/02\/IMG_5871-1536x1152.jpg 1536w, https:\/\/naturaliavilanova.cat\/wp-content\/uploads\/2025\/02\/IMG_5871-2048x1536.jpg 2048w, https:\/\/naturaliavilanova.cat\/wp-content\/uploads\/2025\/02\/IMG_5871-16x12.jpg 16w\" sizes=\"(max-width: 1024px) 100vw, 1024px\" \/>\t\t\t\t\t\t\t\t\t\t\t\t\t\t\t<\/div>\n\t\t\t\t<\/div>\n\t\t\t\t<\/div>\n\t\t\t\t<\/div>\n\t\t\t\t\t<\/div>\n\t\t\t\t<\/div>\n\t\t\t\t<\/div>\n\t\t\t\t\t<\/div>\n\t\t<\/div>\n\t\t\t\t\t\t<\/div>\n\t\t\t\t<\/div>\n\t\t\t\t\t<\/div>\n\t\t\t\t<\/div>\n\t\t\t\t<\/div>","protected":false},"excerpt":{"rendered":"<p>Activitats Tallers a Vilanova i la Geltr\u00fa A Naturalia Vilanova, oferim tallers familiars a Vilanova i la Geltr\u00fa dissenyats per fomentar la connexi\u00f3 i el benestar de tota la fam\u00edlia. Des de ioga en fam\u00edlia fins a tallers de m\u00fasica en fam\u00edlia, les nostres activitats t&#8217;ajuden a compartir moments especials, afavorir el vincle emocional i [&hellip;]<\/p>\n","protected":false},"author":1,"featured_media":0,"parent":0,"menu_order":0,"comment_status":"closed","ping_status":"closed","template":"","meta":{"site-sidebar-layout":"no-sidebar","site-content-layout":"page-builder","ast-site-content-layout":"full-width-container","site-content-style":"unboxed","site-sidebar-style":"unboxed","ast-global-header-display":"","ast-banner-title-visibility":"","ast-main-header-display":"","ast-hfb-above-header-display":"","ast-hfb-below-header-display":"","ast-hfb-mobile-header-display":"","site-post-title":"disabled","ast-breadcrumbs-content":"","ast-featured-img":"disabled","footer-sml-layout":"","ast-disable-related-posts":"","theme-transparent-header-meta":"","adv-header-id-meta":"","stick-header-meta":"","header-above-stick-meta":"","header-main-stick-meta":"","header-below-stick-meta":"","astra-migrate-meta-layouts":"set","ast-page-background-enabled":"default","ast-page-background-meta":{"desktop":{"background-color":"","background-image":"","background-repeat":"repeat","background-position":"center center","background-size":"auto","background-attachment":"scroll","background-type":"","background-media":"","overlay-type":"","overlay-color":"","overlay-opacity":"","overlay-gradient":""},"tablet":{"background-color":"","background-image":"","background-repeat":"repeat","background-position":"center center","background-size":"auto","background-attachment":"scroll","background-type":"","background-media":"","overlay-type":"","overlay-color":"","overlay-opacity":"","overlay-gradient":""},"mobile":{"background-color":"","background-image":"","background-repeat":"repeat","background-position":"center center","background-size":"auto","background-attachment":"scroll","background-type":"","background-media":"","overlay-type":"","overlay-color":"","overlay-opacity":"","overlay-gradient":""}},"ast-content-background-meta":{"desktop":{"background-color":"var(--ast-global-color-5)","background-image":"","background-repeat":"repeat","background-position":"center center","background-size":"auto","background-attachment":"scroll","background-type":"","background-media":"","overlay-type":"","overlay-color":"","overlay-opacity":"","overlay-gradient":""},"tablet":{"background-color":"var(--ast-global-color-5)","background-image":"","background-repeat":"repeat","background-position":"center center","background-size":"auto","background-attachment":"scroll","background-type":"","background-media":"","overlay-type":"","overlay-color":"","overlay-opacity":"","overlay-gradient":""},"mobile":{"background-color":"var(--ast-global-color-5)","background-image":"","background-repeat":"repeat","background-position":"center center","background-size":"auto","background-attachment":"scroll","background-type":"","background-media":"","overlay-type":"","overlay-color":"","overlay-opacity":"","overlay-gradient":""}},"footnotes":""},"class_list":["post-1318","page","type-page","status-publish","hentry"],"_links":{"self":[{"href":"https:\/\/naturaliavilanova.cat\/es\/wp-json\/wp\/v2\/pages\/1318","targetHints":{"allow":["GET"]}}],"collection":[{"href":"https:\/\/naturaliavilanova.cat\/es\/wp-json\/wp\/v2\/pages"}],"about":[{"href":"https:\/\/naturaliavilanova.cat\/es\/wp-json\/wp\/v2\/types\/page"}],"author":[{"embeddable":true,"href":"https:\/\/naturaliavilanova.cat\/es\/wp-json\/wp\/v2\/users\/1"}],"replies":[{"embeddable":true,"href":"https:\/\/naturaliavilanova.cat\/es\/wp-json\/wp\/v2\/comments?post=1318"}],"version-history":[{"count":53,"href":"https:\/\/naturaliavilanova.cat\/es\/wp-json\/wp\/v2\/pages\/1318\/revisions"}],"predecessor-version":[{"id":2473,"href":"https:\/\/naturaliavilanova.cat\/es\/wp-json\/wp\/v2\/pages\/1318\/revisions\/2473"}],"wp:attachment":[{"href":"https:\/\/naturaliavilanova.cat\/es\/wp-json\/wp\/v2\/media?parent=1318"}],"curies":[{"name":"wp","href":"https:\/\/api.w.org\/{rel}","templated":true}]}}